{"id":6320,"date":"2024-06-11T07:38:57","date_gmt":"2024-06-11T07:38:57","guid":{"rendered":"https:\/\/orsuszastita.hr\/?post_type=product&#038;p=6320"},"modified":"2024-07-04T07:18:53","modified_gmt":"2024-07-04T07:18:53","slug":"ormaric-prve-pomoci-veci","status":"publish","type":"product","link":"https:\/\/orsuszastita.hr\/?product=ormaric-prve-pomoci-veci","title":{"rendered":"Ormari\u0107 prve pomo\u0107i ve\u0107i"},"content":{"rendered":"","protected":false},"excerpt":{"rendered":"","protected":false},"featured_media":6411,"template":"","meta":[],"product_cat":[96],"product_tag":[],"class_list":{"0":"post-6320","1":"product","2":"type-product","3":"status-publish","4":"has-post-thumbnail","6":"product_cat-prva-pomoc","8":"first","9":"instock","10":"shipping-taxable","11":"product-type-simple"},"_links":{"self":[{"href":"https:\/\/orsuszastita.hr\/index.php?rest_route=\/wp\/v2\/product\/6320","targetHints":{"allow":["GET"]}}],"collection":[{"href":"https:\/\/orsuszastita.hr\/index.php?rest_route=\/wp\/v2\/product"}],"about":[{"href":"https:\/\/orsuszastita.hr\/index.php?rest_route=\/wp\/v2\/types\/product"}],"wp:featuredmedia":[{"embeddable":true,"href":"https:\/\/orsuszastita.hr\/index.php?rest_route=\/wp\/v2\/media\/6411"}],"wp:attachment":[{"href":"https:\/\/orsuszastita.hr\/index.php?rest_route=%2Fwp%2Fv2%2Fmedia&parent=6320"}],"wp:term":[{"taxonomy":"product_cat","embeddable":true,"href":"https:\/\/orsuszastita.hr\/index.php?rest_route=%2Fwp%2Fv2%2Fproduct_cat&post=6320"},{"taxonomy":"product_tag","embeddable":true,"href":"https:\/\/orsuszastita.hr\/index.php?rest_route=%2Fwp%2Fv2%2Fproduct_tag&post=6320"}],"curies":[{"name":"wp","href":"https:\/\/api.w.org\/{rel}","templated":true}]}}