{"id":6113,"date":"2024-05-14T12:03:29","date_gmt":"2024-05-14T12:03:29","guid":{"rendered":"https:\/\/orsuszastita.hr\/?page_id=6113"},"modified":"2024-05-14T12:11:51","modified_gmt":"2024-05-14T12:11:51","slug":"pravila-privatnosti","status":"publish","type":"page","link":"https:\/\/orsuszastita.hr\/?page_id=6113","title":{"rendered":"Pravila privatnosti"},"content":{"rendered":"\t\t<div data-elementor-type=\"wp-page\" data-elementor-id=\"6113\" class=\"elementor elementor-6113\">\n\t\t\t\t<div class=\"elementor-element elementor-element-92143a9 e-flex e-con-boxed e-con e-parent\" data-id=\"92143a9\" data-element_type=\"container\">\n\t\t\t\t\t<div class=\"e-con-inner\">\n\t\t\t\t<div class=\"elementor-element elementor-element-75f51fa elementor-widget elementor-widget-spacer\" data-id=\"75f51fa\" data-element_type=\"widget\" data-widget_type=\"spacer.default\">\n\t\t\t\t<div class=\"elementor-widget-container\">\n\t\t\t<style>\/*! elementor - v3.21.0 - 26-05-2024 *\/\n.elementor-column .elementor-spacer-inner{height:var(--spacer-size)}.e-con{--container-widget-width:100%}.e-con-inner>.elementor-widget-spacer,.e-con>.elementor-widget-spacer{width:var(--container-widget-width,var(--spacer-size));--align-self:var(--container-widget-align-self,initial);--flex-shrink:0}.e-con-inner>.elementor-widget-spacer>.elementor-widget-container,.e-con>.elementor-widget-spacer>.elementor-widget-container{height:100%;width:100%}.e-con-inner>.elementor-widget-spacer>.elementor-widget-container>.elementor-spacer,.e-con>.elementor-widget-spacer>.elementor-widget-container>.elementor-spacer{height:100%}.e-con-inner>.elementor-widget-spacer>.elementor-widget-container>.elementor-spacer>.elementor-spacer-inner,.e-con>.elementor-widget-spacer>.elementor-widget-container>.elementor-spacer>.elementor-spacer-inner{height:var(--container-widget-height,var(--spacer-size))}.e-con-inner>.elementor-widget-spacer.elementor-widget-empty,.e-con>.elementor-widget-spacer.elementor-widget-empty{position:relative;min-height:22px;min-width:22px}.e-con-inner>.elementor-widget-spacer.elementor-widget-empty .elementor-widget-empty-icon,.e-con>.elementor-widget-spacer.elementor-widget-empty .elementor-widget-empty-icon{position:absolute;top:0;bottom:0;left:0;right:0;margin:auto;padding:0;width:22px;height:22px}<\/style>\t\t<div class=\"elementor-spacer\">\n\t\t\t<div class=\"elementor-spacer-inner\"><\/div>\n\t\t<\/div>\n\t\t\t\t<\/div>\n\t\t\t\t<\/div>\n\t\t\t\t\t<\/div>\n\t\t\t\t<\/div>\n\t\t<div class=\"elementor-element elementor-element-6cc1994a e-flex e-con-boxed e-con e-parent\" data-id=\"6cc1994a\" data-element_type=\"container\">\n\t\t\t\t\t<div class=\"e-con-inner\">\n\t\t\t\t<div class=\"elementor-element elementor-element-38ea17a4 elementor-widget elementor-widget-text-editor\" data-id=\"38ea17a4\" data-element_type=\"widget\" data-widget_type=\"text-editor.default\">\n\t\t\t\t<div class=\"elementor-widget-container\">\n\t\t\t<style>\/*! elementor - v3.21.0 - 26-05-2024 *\/\n.elementor-widget-text-editor.elementor-drop-cap-view-stacked .elementor-drop-cap{background-color:#69727d;color:#fff}.elementor-widget-text-editor.elementor-drop-cap-view-framed .elementor-drop-cap{color:#69727d;border:3px solid;background-color:transparent}.elementor-widget-text-editor:not(.elementor-drop-cap-view-default) .elementor-drop-cap{margin-top:8px}.elementor-widget-text-editor:not(.elementor-drop-cap-view-default) .elementor-drop-cap-letter{width:1em;height:1em}.elementor-widget-text-editor .elementor-drop-cap{float:left;text-align:center;line-height:1;font-size:50px}.elementor-widget-text-editor .elementor-drop-cap-letter{display:inline-block}<\/style>\t\t\t\t<!-- wp:heading -->\n<p>Ova se pravila o privatnosti primjenjuju izme\u0111u vas, korisnika ove web stranice i Orsus za\u0161tita i oprema, vlasnika ove web stranice. Orsus za\u0161tita i oprema uzima privatnost va\u0161ih podataka vrlo ozbiljno. Pa\u017eljivo pro\u010ditajte ova pravila privatnosti.<\/p>\n<p>Pojmovi i zna\u010denja<\/p>\n<p>U ovim se pravilima privatnosti koriste sljede\u0107i pojmovi:<\/p>\n<p><strong>Podaci<\/strong><\/p>\n<p>Kolektivno sve informacije koje ste poslali na Orsus za\u0161tita i oprema preko web stranice orsuszastita.hr. Ova definicija uklju\u010duje, gdje je to primjenjivo, definicije navedene u Zakonima o za\u0161titi podataka.<\/p>\n<p><strong>Kola\u010di\u0107i<\/strong><\/p>\n<p>Kola\u010di\u0107i (en. Cookies) su tekstualne datoteke koje sadr\u017ee skupine podataka pohranjenih na ra\u010dunalima ili mobilnim ure\u0111ajima svaki put kad posjetite web stranicu putem preglednika. Kola\u010di\u0107i omogu\u0107uju web stranicama pohranu odre\u0111enih podataka kako bi se omogu\u0107ilo jednostavnije i br\u017ee pregledavanje web stranica.<\/p>\n<p><strong>Zakon o za\u0161titi podataka<\/strong><\/p>\n<p>Svi primjenjivi zakoni koji se odnose na pristup osobnim podacima, uklju\u010duju\u0107i, ali ne ograni\u010davaju\u0107i se na, Direktivu 96\/46 \/ EZ (Direktiva o za\u0161titi podataka) ili GDPR-a i nacionalnih provedbenih zakona, propisa i podzakonskih akata, sve dok je GDPR na snazi u Hrvatskoj.<\/p>\n<p><strong>GDPR<\/strong><\/p>\n<p>Op\u0107a uredba o za\u0161titi osobnih podataka (EU) 2016\/679<\/p>\n<p>Orsus za\u0161tita i oprema<\/p>\n<p>Tvrtka registrirana u Hrvatskoj s poreznim brojem HR70028703629 sa sjedi\u0161tem na adresi Gravot 1, 51550 Mali Lo\u0161inj.<\/p>\n<p>OIB: 70028703629<\/p>\n<p><strong>Korisnik<\/strong><\/p>\n<p>Bilo koja tre\u0107a strana koja pristupa web stranici koja nije zaposlena od strane Orsus za\u0161tita i oprema i djeluju\u0107i tijekom njihovog zaposlenja, savjetnici ili bilo koje druge osobe koje pru\u017eaju usluge tvrtki Orsus za\u0161tita i oprema.<\/p>\n<p><strong>Web stranica<\/strong><\/p>\n<p>Web stranica koju trenutno koristite, orsuszastita.hr i bilo koja poddomena ove web stranice, ukoliko nije izri\u010dito isklju\u010dena svojim vlastitim uvjetima kori\u0161tenja.<\/p>\n<p><strong>Opseg pravila privatnosti<\/strong><\/p>\n<p>Ova pravila o privatnosti odnose se samo na Orsus za\u0161tita i oprema i korisnike orsuszastita.hr web stranice. Ne obuhva\u0107a web lokacije kojima se mo\u017ee pristupiti s ove web stranice, uklju\u010duju\u0107i poveznice na dru\u0161tvene mre\u017ee.<\/p>\n<p>U svrhu primjenjivih zakona o za\u0161titi podataka, Orsus za\u0161tita i oprema je kontrolor podataka. To zna\u010di da Orsus za\u0161tita i oprema odre\u0111uje za koje svrhe i na koji na\u010din se obra\u0111uju Va\u0161i podaci.<\/p>\n<p><strong>Prikupljeni podaci<\/strong><\/p>\n<p>Orsus za\u0161tita i oprema mo\u017ee prikupljati sljede\u0107e podatke, uklju\u010duju\u0107i i osobne podatke:<\/p>\n<ol>\n<li>Ime i prezime<br \/>kontakt informacije kao \u0161to su adrese e-po\u0161te i telefonski brojevi;<br \/>c. popis URL-ova koji po\u010dinju s referentnom web-lokacijom, va\u0161u aktivnost na ovoj web-lokaciji<\/li>\n<\/ol>\n<p><strong>Kako prikupljamo podatke<\/strong><\/p>\n<p>Prikupljamo podatke na sljede\u0107e na\u010dine:<\/p>\n<ol>\n<li>vi nam dajete svoje podatke;<br \/>podatke dobivamo iz drugih izvora<br \/>c. podaci se prikupljaju automatski kori\u0161tenjem web stranice<\/li>\n<\/ol>\n<p><strong>Podaci koje nam vi \u0161aljete<\/strong><\/p>\n<p>Orsus za\u0161tita i oprema mo\u017ee prikupiti va\u0161e podatke na vi\u0161e na\u010dina, na primjer:<\/p>\n<p>a.kada nas kontaktirate putem web stranice, telefonom, po\u0161tom, e-mailom, putem chat aplikacije ili na bilo koji drugi na\u010din;<br \/>b. kada dovr\u0161ite ankete koje koristimo u svrhu istra\u017eivanja (iako niste obvezni odgovoriti na njih);<br \/>c. kada sudjelujete u natjecanju ili promociji putem na\u0161ih dru\u0161tvenih mre\u017ea;<br \/>d. kada izvr\u0161ite uplatu za Orsus za\u0161tita i oprema usluge;<br \/>e. kada odaberete primanje marketin\u0161kih novosti od nas;<\/p>\n<p><strong>Podaci dobiveni iz drugih izvora<\/strong><\/p>\n<p>Orsus za\u0161tita i oprema mo\u017ee dobivati podatke o vama od sljede\u0107ih tre\u0107ih strana:<\/p>\n<p><strong>MailChimp<\/strong> \u2013 email platforma tre\u0107e strane uz pomo\u0107 koje se prikupljaju email adrese i \u0161alju newsletter obavijesti zainteresiranim korisnicima orsuszastita.hr web stranice.<\/p>\n<p><strong>Google Analytics\u00a0<\/strong>\u2013 alat tre\u0107e strane za pra\u0107enje aktivnosti i broja posjeta na orsuszastita.hr web stranici.<\/p>\n<p><strong>Facebook<\/strong>\u00a0\u2013 dru\u0161tvena mre\u017ea tre\u0107e strane koju mo\u017eemo koristiti za prikupljanje informacija o va\u0161im posjetama na\u0161im pojedinim web stranicama u svrhu prikazivanja relevantnih oglasa prilago\u0111enim va\u0161im interesima.<\/p>\n<p><strong>Instagram<\/strong>\u00a0\u2013 dru\u0161tvena mre\u017ea u vlasni\u0161tvu Facebooka koju isto tako mo\u017eemo koristiti za prikupljanje podataka o posjetama u svrhu prikazivanja relevantnih oglasa prilago\u0111enim va\u0161im interesima.<\/p>\n<p><strong>Podaci koji se automatski prikupljaju<\/strong><\/p>\n<p>Ovisno u kojoj mjeri koristite na\u0161u web stranicu automatski prikupljamo va\u0161e podatke, na primjer:<\/p>\n<ol>\n<li>automatski prikupljamo neke informacije o va\u0161em posjetu web stranici. Ti podaci nam poma\u017eu da pobolj\u0161amo sadr\u017eaj web stranice i navigaciju, a mo\u017ee uklju\u010divati va\u0161u IP adresu, datum, vrijeme i u\u010destalost pristupanja web stranici kao i na\u010din interakcije sa na\u0161im web sadr\u017eajem.<\/li>\n<li>Prikupljamo va\u0161e podatke automatski putem kola\u010di\u0107a, ovisno o postavkama kola\u010di\u0107a u va\u0161em pregledniku.<\/li>\n<\/ol>\n<p><strong>Kako koristimo podatke<\/strong><\/p>\n<p>Bilo koji od iznad navedenih podataka mo\u017eemo koristitit kako bismo vam pru\u017eili najbolju mogu\u0107u uslugu i iskustvo pri kori\u0161tenju na\u0161e web stranice. Konkretno, podaci se mogu upotrijebiti u svrhu:<\/p>\n<ol>\n<li>unutarnje evidencije<\/li>\n<li>pobolj\u0161anja na\u0161ih proizvoda \/ usluga<\/li>\n<li>prijenosa marketin\u0161kih promo materijala putem e-maila<\/li>\n<\/ol>\n<p>Ako niste zadovoljni kako koristimo va\u0161e podatke, imate pravo na prigovor (pogledajte odjeljak \u201cVa\u0161a prava\u201d u nastavku).<\/p>\n<p>Za slanje marketing obaivijest putem e-po\u0161te, trebat \u0107emo va\u0161u privolu, bilo putem opt-in-a ili soft opt-in-a:<\/p>\n<ol>\n<li>soft-opt-in je na\u010din privole koja se primjenjuje kada ste prethodno bili u komunikaciji s nama (npr, kontaktirali ste nas kako biste zatra\u017eili vi\u0161e informacija o odre\u0111enom proizvodu \/ usluzi). Pod privolom \u201csoft opt-in-a\u201d koristimo va\u0161e informacije, osim ako ne povu\u010dete svoju privolu.<\/li>\n<li>za druge vrste marketinga, moramo dobiti va\u0161 eksplicitni pristanak; to jest, trebate poduzeti pozitivne i afirmativne radnje pri davanju privole.<\/li>\n<li>ako niste zadovoljni na\u0161im pristupom prikupljanja i obrade podataka, imate pravo povu\u0107i privolu u bilo kojem trenutku. Kako povu\u0107i va\u0161u privolu, pogledajte odjeljak \u201cVa\u0161a prava\u201d u nastavku.<\/li>\n<\/ol>\n<p>Va\u0161i podaci mogu biti kori\u0161teni kako bi vam prikazivali Orsus za\u0161tita i oprema oglase ili druge oblike sadr\u017eaja na drugim web stranicama. Ako ne \u017eelite da upotrebljavamo va\u0161e podatke kako bismo vam pokazali Orsus za\u0161tita i oprema oglase i drugi sadr\u017eaj na drugim web-lokacijama, isklju\u010dite relevantne kola\u010di\u0107e (pogledajte odjeljak \u201cKola\u010di\u0107i\u201d u nastavku).<\/p>\n<p><strong>Dijeljenje podataka<\/strong><\/p>\n<p>Va\u0161i podaci mogu biti podjeljeni sa idu\u0107om grupom ljudi iz sljede\u0107ih razloga:<\/p>\n<ol>\n<li>na\u0161im zaposlenicima, agentima i \/ ili profesionalnim savjetnicima \u2013 za potrebe odgovaranja na va\u0161 upit o na\u0161im uslugama i slanju Orsus za\u0161tita i oprema novosti te promotivnih ponuda putem Orsus za\u0161tita i oprema newslettera<\/li>\n<\/ol>\n<p>Sigurnost podataka<\/p>\n<p>Koristit \u0107emo tehni\u010dke i organizacijske mjere za za\u0161titu va\u0161ih podataka:<\/p>\n<ol>\n<li>pristup va\u0161im podacima za\u0161ti\u0107en je lozinkom i korisni\u010dkim imenom<br \/>b. va\u0161e podatke pohranjujemo na sigurnim web poslu\u017eiteljima<\/li>\n<\/ol>\n<p>Tehni\u010dke i organizacijske mjere uklju\u010duju mjere za rje\u0161avanje svih sumnji na povredu va\u0161ih podataka. Ako sumnjate na bilo kakvu zlouporabu, gubitak ili neovla\u0161teni pristup va\u0161im podacima, javite nam odmah na<a href=\"mailto:sandro@orsuszastita.hr\"> sandro@orsuszastita.hr<\/a>.<\/p>\n<p><strong>\u010cuvanje\u00a0podataka<\/strong><\/p>\n<p>Prikupljene podatke \u010duvat \u0107emo u na\u0161im sustavima te \u0107e biti kori\u0161teni samo toliko dugo koliko nam je potrebno za ispunjavanje svrhe navedenih u ovoj politici privatnosti ili dok ne zatra\u017eite brisanje podataka.<\/p>\n<p>Ako obri\u0161emo va\u0161e podatke, oni i dalje mogu postojati na sigurnosnim kopijama ili u arhivima medija za pravne, porezne ili regulatorne svrhe.<\/p>\n<p><strong>Va\u0161a prava<\/strong><\/p>\n<p>Imate slijede\u0107a prava u vezi s podacima:<\/p>\n<ol>\n<li>Pravo na pristup\u2013 pravo zatra\u017eiti (i) kopije podataka koje dr\u017eimo o vama u bilo kojem trenutku, ili (ii) mijenjati, a\u017eurirati ili izbrisati takve podatke. Gdje nam je zakonski dopu\u0161teno, mo\u017eemo odbiti va\u0161 zahtjev. Ako odbijemo va\u0161 zahtjev, re\u0107i \u0107emo vam koji su razlozi za to.<\/li>\n<li>Pravo na ispravljanje\u2013 imate pravo na ispravljanje va\u0161ih podataka ako su ona neto\u010dna ili nepotpuna.<\/li>\n<li>Pravo na brisanje\u2013 imate pravo zatra\u017eiti da obri\u0161emo Va\u0161e podatke iz na\u0161ih sustava.<\/li>\n<li>Pravo na ograni\u010davanje upotrebe va\u0161ih podataka\u2013 imate pravo da ne dozvolite na\u0161u upotrebu va\u0161ih podataka ili nas ograni\u010dite na\u010dinom na koji ih mo\u017eemo koristiti.<\/li>\n<li>Pravo na prenosivost podataka\u2013 imate pravo zatra\u017eiti premje\u0161tanje, kopiranje ili prijenos va\u0161ih podataka.<\/li>\n<li>Pravo na prigovor\u2013 imate pravo prigovora na na\u010din kako upotrebljavamo va\u0161e podatke, uklju\u010duju\u0107i gdje ih upotrebljavamo za na\u0161e legitimne svrhe.<\/li>\n<\/ol>\n<p>Za bilo kakve upite oko ovih pravila privatnosti ili povla\u010denja privole na obradu Va\u0161ih podataka (gdje je va\u0161a suglasnost na\u0161 pravni temelj za obradu va\u0161ih podataka), molimo kontaktirajte nas na <a href=\"mailto:sandro@orsuszastita.hr\">sandro@orsuszastita.hr<\/a><\/p>\n<p>Ako niste zadovoljni kako smo rije\u0161ili ili rije\u0161avamo va\u0161u pritu\u017ebu, a koja se odnosi na obradu va\u0161ih podataka, mo\u017eete svoj prigovor uputiti hrvatskom nadle\u017enom tijelu za za\u0161titu podataka, agenciji za za\u0161titu osobnih podataka (AZOP) na njihovoj web stranici azop.hr<\/p>\n<p>Va\u017eno je da su podaci koje dr\u017eimo o vama to\u010dni i aktualni. Obavijestite nas ako su se va\u0161i podaci promijenili kako bi ih a\u017eurirali.<\/p>\n<p>Prijenos izvan Europskog gospodarskog prostora<\/p>\n<p>Podaci koje prikupljamo od vas mogu se pohraniti, procesuirati te prenijeti u zemlje izvan Europskog ekonomskog podru\u010dja (EEA). Na primjer, to se mo\u017ee dogoditi ako su na\u0161i poslu\u017eitelji (serveri) ili pru\u017eatelji usluga smje\u0161teni u zemljama izvan Europske unije. Tako\u0111er, va\u0161i podaci mogu biti dijeljeni i s na\u0161im vanjskim partnerima.<\/p>\n<p>Kako bismo osigurali sigurnost va\u0161ih podataka, uspostavili smo odgovaraju\u0107e za\u0161titne mjere i postupke s tre\u0107im stranama s kojima dijelimo va\u0161e podatke. To osigurava da te tre\u0107e osobe obra\u0111uju va\u0161e podatke na na\u010din koji je u skladu s zakonima o za\u0161titi podataka.<\/p>\n<p>Poveznice na druge web stranice<\/p>\n<p>Ova web stranica mo\u017ee povremeno sadr\u017eavati poveznice na druge web stranice. Orsus za\u0161tita i oprema nema kontrolu nad takvim web stranicama i nismo odgovorni za sadr\u017eaj koji se nalazi na tim web stranicama. Ova se pravila o privatnosti ne odnose na va\u0161e kori\u0161tenje tih web stranica. Savjetujemo vam da pro\u010ditate pravila o privatnosti ili op\u0107e uvjete kori\u0161tenja drugih web stranica prije njihova kori\u0161tenja.<\/p>\n<p><strong>Kola\u010di\u0107i<\/strong><\/p>\n<p>Kola\u010di\u0107i (eng. cookies) su skup informacija koji se pohranjuju na va\u0161e ra\u010dunalo u trenutku pregledavanja web stranica. Njihov zadatak je pohraniti informacije o nekim Va\u0161im postavkama i pona\u0161anju na internetu, a sve u svrhu pru\u017eanja boljeg, br\u017eeg i jednostavnijeg pregleda web stranica.<\/p>\n<p>S obzirom na navedeno, ova web stranica mo\u017ee postaviti i pristupiti odre\u0111enim kola\u010di\u0107ima na va\u0161em ra\u010dunalu. Orsus za\u0161tita i oprema upotrebljava kola\u010di\u0107e kako bi pobolj\u0161ali va\u0161e iskustvo kori\u0161tenja web stranice te kako bi pobolj\u0161ali usluge i\/ili proizvode koje nudimo. Orsus za\u0161tita i oprema je pa\u017eljivo odabrao ove kola\u010di\u0107e te je poduzeo sve korake kako bi osigurali da je va\u0161a privatnost u svakom trenutku za\u0161ti\u0107ena i po\u0161tovana.<\/p>\n<p>Prije nego \u0161to ova web stranica postavi kola\u010di\u0107e na va\u0161e ra\u010dunalo, bit \u0107e vam prikazana traka s porukom koja zahtijeva va\u0161 pristanak za postavljanje tih kola\u010di\u0107a. Daju\u0107i va\u0161 pristanak za postavljanje kola\u010di\u0107a, omogu\u0107avate Orsus za\u0161tita i oprema da vam pru\u017ei bolji do\u017eivljaj i uslugu na web stranici. Ako \u017eelite, mo\u017eete odbiti pristanak na postavljanje kola\u010di\u0107a; no odre\u0111ene funkcije web stranice mo\u017eda ne\u0107e funkcionirati u potpunosti ili kako su zami\u0161ljene.<\/p>\n<p><strong>Ova web stranica mo\u017ee koristiti idu\u0107e kola\u010di\u0107e:<\/strong><\/p>\n<p>Neophodni kola\u010di\u0107i\u00a0\u2013 to su kola\u010di\u0107i koji su potrebni za pravilan rad i pona\u0161anje na\u0161e web stranice.<\/p>\n<p>Analiti\u010dki kola\u010di\u0107i\u00a0\u2013 omogu\u0107uju nam prepoznavanje i brojanje posjetitelja kao i podatke kako se posjetitelji kre\u0107u po na\u0161oj web stranici pri njenoj upotrebi. Ovi kola\u010di\u0107i nam poma\u017eu pobolj\u0161ati na\u010din na koji na\u0161a web stranica funkcionira, na primjer, tako da korisnici lak\u0161e prona\u0111u ono \u0161to tra\u017ee.<\/p>\n<p>Kola\u010di\u0107i za funkcionalnost\u00a0\u2013 koriste se za prepoznavanje kada se vratite na na\u0161u web stranicu. To nam omogu\u0107uje prilagodbu na\u0161eg sadr\u017eaja na na\u010din da je on vi\u0161e prilago\u0111en va\u0161im prethodnim pregledavanjem na\u0161e web stranice.<\/p>\n<p>Kola\u010di\u0107i za ogla\u0161avanje\u00a0\u2013 slu\u017ee nam za bilje\u017eenje posjeta na\u0161oj web stranici, stranicama koje ste prije na\u0161e posjetili i poveznicama na koje ste kliknuli. Podaci prikupljeni ovim kola\u010di\u0107em mo\u017eemo koristiti u svrhu ogla\u0161avanja na na\u010din da vam prikazujemo oglase releventne va\u0161im iskazanim interesima. U tu svrhu se prikupljeni podaci isto tako mogu dijeliti s tre\u0107im stranama.<\/p>\n<p>Ako \u017eelite, mo\u017eete omogu\u0107iti ili onemogu\u0107iti kola\u010di\u0107e u svom internetskom pregledniku. Prema po\u010detnim zadanim postavkama, ve\u0107ina internetskih preglednika prihva\u0107a kola\u010di\u0107e. Za pomo\u0107 oko onemogu\u0107avanja kola\u010di\u0107a, potra\u017eite opcije kola\u010di\u0107a u postavkama svog internetskog preglednika.<\/p>\n<p>Imate mogu\u0107nost brisanja kola\u010di\u0107a u bilo kojem trenutku, me\u0111utim, mo\u017eete izgubiti sve informacije koje vam omogu\u0107uju br\u017ei i u\u010dinkovitiji pristup web stranici, uklju\u010duju\u0107i, ali ne ograni\u010davaju\u0107i se na, postavke prikazivanja prilago\u0111enog sadr\u017eaja samo za vas.<\/p>\n<p>Preporu\u010dujemo da provjerite je li va\u0161 internetski preglednik a\u017euriran te da potra\u017eite pomo\u0107 i smjernice programera internetskog preglednika ako niste sigurni kako prilagoditi postavke kola\u010di\u0107a tj. privatnosti.<\/p>\n<p>Vi\u0161e informacija o kola\u010di\u0107ima, uklju\u010duju\u0107i upute kako ih onemogu\u0107iti, potra\u017eite na aboutcookies.org.<\/p>\n<p><strong>Promjene pravila privatnosti<\/strong><\/p>\n<p>Orsus za\u0161tita i oprema zadr\u017eava pravo izmjene ovih pravila o za\u0161titi privatnosti. Svaka izmjena ovih pravila privatnosti odmah \u0107e biti objavljena na web stranici te se smatra da ste prihvatili uvjete pravila o privatnosti pri prvoj upotrebi web stranice nakon izmjena.<\/p>\n<p>Za bilo kakva pitanja oko ovih pravila privatnosti po\u0161aljite nam email na\u00a0 <a href=\"mailto:sandro@orsuszastita.hr\">sandro@orsuszastita.hr<\/a><\/p>\n<p>Datum zadnje izmjene uvjeta kori\u0161tenja: 14. 05. 2024.<\/p>\n<!-- \/wp:paragraph -->\t\t\t\t\t\t<\/div>\n\t\t\t\t<\/div>\n\t\t\t\t\t<\/div>\n\t\t\t\t<\/div>\n\t\t\t\t<\/div>\n\t\t","protected":false},"excerpt":{"rendered":"<p>Ova se pravila o privatnosti primjenjuju izme\u0111u vas, korisnika ove web stranice i Orsus za\u0161tita i oprema, vlasnika ove web stranice. Orsus za\u0161tita i oprema uzima privatnost va\u0161ih podataka vrlo ozbiljno. Pa\u017eljivo pro\u010ditajte ova pravila privatnosti. Pojmovi i zna\u010denja U ovim se pravilima privatnosti koriste sljede\u0107i pojmovi: Podaci Kolektivno sve informacije koje ste poslali na [&hellip;]<\/p>\n","protected":false},"author":1,"featured_media":0,"parent":0,"menu_order":0,"comment_status":"closed","ping_status":"closed","template":"","meta":{"footnotes":""},"class_list":["post-6113","page","type-page","status-publish","hentry"],"_links":{"self":[{"href":"https:\/\/orsuszastita.hr\/index.php?rest_route=\/wp\/v2\/pages\/6113","targetHints":{"allow":["GET"]}}],"collection":[{"href":"https:\/\/orsuszastita.hr\/index.php?rest_route=\/wp\/v2\/pages"}],"about":[{"href":"https:\/\/orsuszastita.hr\/index.php?rest_route=\/wp\/v2\/types\/page"}],"author":[{"embeddable":true,"href":"https:\/\/orsuszastita.hr\/index.php?rest_route=\/wp\/v2\/users\/1"}],"replies":[{"embeddable":true,"href":"https:\/\/orsuszastita.hr\/index.php?rest_route=%2Fwp%2Fv2%2Fcomments&post=6113"}],"version-history":[{"count":4,"href":"https:\/\/orsuszastita.hr\/index.php?rest_route=\/wp\/v2\/pages\/6113\/revisions"}],"predecessor-version":[{"id":6117,"href":"https:\/\/orsuszastita.hr\/index.php?rest_route=\/wp\/v2\/pages\/6113\/revisions\/6117"}],"wp:attachment":[{"href":"https:\/\/orsuszastita.hr\/index.php?rest_route=%2Fwp%2Fv2%2Fmedia&parent=6113"}],"curies":[{"name":"wp","href":"https:\/\/api.w.org\/{rel}","templated":true}]}}