{"id":6108,"date":"2024-05-14T12:00:08","date_gmt":"2024-05-14T12:00:08","guid":{"rendered":"https:\/\/orsuszastita.hr\/?page_id=6108"},"modified":"2024-05-14T12:02:43","modified_gmt":"2024-05-14T12:02:43","slug":"uvjeti-kupnje","status":"publish","type":"page","link":"https:\/\/orsuszastita.hr\/?page_id=6108","title":{"rendered":"Uvjeti kupnje"},"content":{"rendered":"\t\t<div data-elementor-type=\"wp-page\" data-elementor-id=\"6108\" class=\"elementor elementor-6108\">\n\t\t\t\t<div class=\"elementor-element elementor-element-92143a9 e-flex e-con-boxed e-con e-parent\" data-id=\"92143a9\" data-element_type=\"container\">\n\t\t\t\t\t<div class=\"e-con-inner\">\n\t\t\t\t<div class=\"elementor-element elementor-element-75f51fa elementor-widget elementor-widget-spacer\" data-id=\"75f51fa\" data-element_type=\"widget\" data-widget_type=\"spacer.default\">\n\t\t\t\t<div class=\"elementor-widget-container\">\n\t\t\t<style>\/*! elementor - v3.21.0 - 26-05-2024 *\/\n.elementor-column .elementor-spacer-inner{height:var(--spacer-size)}.e-con{--container-widget-width:100%}.e-con-inner>.elementor-widget-spacer,.e-con>.elementor-widget-spacer{width:var(--container-widget-width,var(--spacer-size));--align-self:var(--container-widget-align-self,initial);--flex-shrink:0}.e-con-inner>.elementor-widget-spacer>.elementor-widget-container,.e-con>.elementor-widget-spacer>.elementor-widget-container{height:100%;width:100%}.e-con-inner>.elementor-widget-spacer>.elementor-widget-container>.elementor-spacer,.e-con>.elementor-widget-spacer>.elementor-widget-container>.elementor-spacer{height:100%}.e-con-inner>.elementor-widget-spacer>.elementor-widget-container>.elementor-spacer>.elementor-spacer-inner,.e-con>.elementor-widget-spacer>.elementor-widget-container>.elementor-spacer>.elementor-spacer-inner{height:var(--container-widget-height,var(--spacer-size))}.e-con-inner>.elementor-widget-spacer.elementor-widget-empty,.e-con>.elementor-widget-spacer.elementor-widget-empty{position:relative;min-height:22px;min-width:22px}.e-con-inner>.elementor-widget-spacer.elementor-widget-empty .elementor-widget-empty-icon,.e-con>.elementor-widget-spacer.elementor-widget-empty .elementor-widget-empty-icon{position:absolute;top:0;bottom:0;left:0;right:0;margin:auto;padding:0;width:22px;height:22px}<\/style>\t\t<div class=\"elementor-spacer\">\n\t\t\t<div class=\"elementor-spacer-inner\"><\/div>\n\t\t<\/div>\n\t\t\t\t<\/div>\n\t\t\t\t<\/div>\n\t\t\t\t\t<\/div>\n\t\t\t\t<\/div>\n\t\t<div class=\"elementor-element elementor-element-6cc1994a e-flex e-con-boxed e-con e-parent\" data-id=\"6cc1994a\" data-element_type=\"container\">\n\t\t\t\t\t<div class=\"e-con-inner\">\n\t\t\t\t<div class=\"elementor-element elementor-element-38ea17a4 elementor-widget elementor-widget-text-editor\" data-id=\"38ea17a4\" data-element_type=\"widget\" data-widget_type=\"text-editor.default\">\n\t\t\t\t<div class=\"elementor-widget-container\">\n\t\t\t<style>\/*! elementor - v3.21.0 - 26-05-2024 *\/\n.elementor-widget-text-editor.elementor-drop-cap-view-stacked .elementor-drop-cap{background-color:#69727d;color:#fff}.elementor-widget-text-editor.elementor-drop-cap-view-framed .elementor-drop-cap{color:#69727d;border:3px solid;background-color:transparent}.elementor-widget-text-editor:not(.elementor-drop-cap-view-default) .elementor-drop-cap{margin-top:8px}.elementor-widget-text-editor:not(.elementor-drop-cap-view-default) .elementor-drop-cap-letter{width:1em;height:1em}.elementor-widget-text-editor .elementor-drop-cap{float:left;text-align:center;line-height:1;font-size:50px}.elementor-widget-text-editor .elementor-drop-cap-letter{display:inline-block}<\/style>\t\t\t\t<p><!-- wp:heading --><\/p>\n<h4 class=\"wp-block-heading\"><strong>OSOBNO U POSLOVNICAMA<\/strong><\/h4>\n<p>Gotovinom, American Express, Visa, MasterCard, Diners i Maestro jednokratno<\/p>\n<p><strong>Kartice banaka<\/strong><br>Visa, MasterCard i Maestro do 12 rata beskamatno\/ Zagreba\u010dka banka<br>Visa, MasterCard i Maestro do 12 rata beskamatno\/ Splitska banka<br>Visa, Maestro i Maestro Plus do 12 rata beskamatno\/ Erste banka<br>Visa i Maestro do 12 rata beskamatno\/ PBZ banka<br>MasterCard do 12 rata beskamatno\/ RBA<\/p>\n<p><strong>Potro\u0161a\u010dki krediti<\/strong><br>Diners karticama do 60 rata<br>MasterCard kreditnom karticom Zagreba\u010dke banke do 36 rata<\/p>\n<h4 class=\"wp-block-heading\"><strong>PREKO WEB TRGOVINE<\/strong><\/h4>\n<p><strong>Pla\u0107anje gotovinom po primitku po\u0161iljke:<\/strong><br>Opcija pla\u0107anja pouze\u0107em vam omogu\u0107uje da iznos narud\u017ebe podmirite prilikom same dostave na navedenu adresu, tek kada robu vidite pred sobom. Pla\u0107anje pouze\u0107em se vr\u0161i isklju\u010divo u gotovini, dostavlja\u010du prilikom same isporuke na navedenu adresu. U slu\u010daju da primatelj nije u mogu\u0107nosti zaprimiti po\u0161iljku na definiranoj dostavnoj adresi u trenutku dostave, dostavlja\u010d ostavlja obavijest o prispije\u0107u po\u0161iljke.<\/p>\n<p><strong>Pla\u0107anje virmanom, op\u0107om uplatnicom ili internet bankarstvom &#8211; USKORO:<\/strong><br>Na odabranu e-mail adresu \u0107ete dobiti narud\u017ebenicu\/ ponudu sa svim podacima potrebnim za uplatu, uklju\u010duju\u0107i broj ra\u010duna na koji trebate uplatiti vrijednost narud\u017ebe. Uplatu mo\u017eete izvr\u0161iti kori\u0161tenjem internet bankarstva ili na\u010dinom na koji ina\u010de pla\u0107ate svoje ra\u010dune \u2013 putem banke, po\u0161te, Fine ili sl.<br>Po zaprimljenoj uplati, poslat \u0107emo vam naru\u010dene proizvode.<\/p>\n<p><strong>Pla\u0107anje kreditnim karticama online &#8211; USKORO<\/strong><\/p>\n<p>Aircash, Mastercard, Maestro, VISA, Diners, Discover i DinaCard kartica jednokratno<br>MasterCard standard, MasterCard gold, MasterCard go!, MasterCard platinum, Visa Business Zagreba\u010dke banke do 12 rata beskamatno<br>Diners, Maestro, Mastercard i VISA karticama Erste banke i grupacije MB+ kartica do 12 rata<\/p>\n<p><strong>Izjava o kori\u0161tenju WSPay-a &#8211; USKORO<\/strong><\/p>\n<p>Orsus Za\u0161tita i oprema koristi WSPay za online pla\u0107anja. WSPay je siguran sustav za online pla\u0107anje, pla\u0107anje u realnom vremenu, kreditnim i debitnim karticama te drugim na\u010dinima pla\u0107anja. WSPay kupcu i trgovcu osiguravaju siguran upis i prijenos upisanih podataka o karticama \u0161to podvr\u0111uje i PCI DSS certifikat koji WSPay ima. WSPay koristi SSL certifikat 256 bitne enkripcije te TLS 1.2 kriptografski protokol kao najvi\u0161e stupnjeve za\u0161tite kod upisa i prijenosa podataka.<\/p>\n<h4 class=\"wp-block-heading\">Na\u010din za\u0161tite povjerljivih podataka<\/h4>\n<p>Unos i prijenos osobnih podataka i podataka o broju kreditne kartice za\u0161ti\u0107en je najvi\u0161im sigurnosnim standardima koje osigurava WSPay sustav za on-line autorizaciju kreditnih kartica u skladu sa zahtjevima karti\u010dara i karti\u010darskih brendova te PCI DSS standarda. Autorizacija i naplata kreditnih kartica radi se kori\u0161tenjem sustava WSPay za autorizaciju i naplatu kartica u realnom vremenu.<\/p>\n<p><strong>Izjava o prikupljanju i kori\u0161tenju osobnih podataka:<\/strong><br>Orsus za\u0161tita i oprema obavezuje se pru\u017eati za\u0161titu osobnim podacima kupaca, na na\u010din da prikuplja samo nu\u017ene, osnovne podatke o kupcima\/ korisnicima koji su nu\u017eni za ispunjenje na\u0161ih obveza; informira kupce o na\u010dinu kori\u0161tenja prikupljenih podataka, redovito daje kupcima mogu\u0107nost izbora o upotrebi njihovih podataka, uklju\u010duju\u0107i mogu\u0107nost odluke \u017eele li ili ne da se njihovo ime ukloni s lista koje se koriste za marketin\u0161ke kampanje. Svi se podaci o korisnicima strogo \u010duvaju i dostupni su samo djelatnicima kojima su ti podaci nu\u017eni za obavljanje posla. Svi djelatnici Orsus za\u0161tite i opreme i poslovni partneri odgovorni su za po\u0161tivanje na\u010dela za\u0161tite privatnosti.<br><strong>Izjava o konverziji:<\/strong><br>Sva pla\u0107anja se izvr\u0161avaju u valuti Euro. Prilikom naplate va\u0161om kreditnom karticom iznos u EUR se pretvara u va\u0161u lokalnu valutu prema va\u017ee\u0107oj te\u010dajnoj listi udru\u017eenja karti\u010dara. Kao rezultat pretvaranja cijene, postoji mogu\u0107nost male razlike iznosa u odnosu na originalnu cijenu istaknutu na na\u0161oj web stranici.<\/p>\n<p><strong>Izjava o prikupljanju i kori\u0161tenju osobnih podataka:<\/strong><br>Orsus za\u0161tita i oprema obavezuje se pru\u017eati za\u0161titu osobnim podacima kupaca, na na\u010din da prikuplja samo nu\u017ene, osnovne podatke o kupcima\/ korisnicima koji su nu\u017eni za ispunjenje na\u0161ih obveza; informira kupce o na\u010dinu kori\u0161tenja prikupljenih podataka, redovito daje kupcima mogu\u0107nost izbora o upotrebi njihovih podataka, uklju\u010duju\u0107i mogu\u0107nost odluke \u017eele li ili ne da se njihovo ime ukloni s lista koje se koriste za marketin\u0161ke kampanje. Svi se podaci o korisnicima strogo \u010duvaju i dostupni su samo djelatnicima kojima su ti podaci nu\u017eni za obavljanje posla. Svi djelatnici Orsus za\u0161tite i opreme i poslovni partneri odgovorni su za po\u0161tivanje na\u010dela za\u0161tite privatnosti.<\/p>\n<p><!-- \/wp:paragraph --><\/p>\t\t\t\t\t\t<\/div>\n\t\t\t\t<\/div>\n\t\t\t\t\t<\/div>\n\t\t\t\t<\/div>\n\t\t\t\t<\/div>\n\t\t","protected":false},"excerpt":{"rendered":"<p>OSOBNO U POSLOVNICAMA Gotovinom, American Express, Visa, MasterCard, Diners i Maestro jednokratno Kartice banakaVisa, MasterCard i Maestro do 12 rata beskamatno\/ Zagreba\u010dka bankaVisa, MasterCard i Maestro do 12 rata beskamatno\/ Splitska bankaVisa, Maestro i Maestro Plus do 12 rata beskamatno\/ Erste bankaVisa i Maestro do 12 rata beskamatno\/ PBZ bankaMasterCard do 12 rata beskamatno\/ RBA [&hellip;]<\/p>\n","protected":false},"author":1,"featured_media":0,"parent":0,"menu_order":0,"comment_status":"closed","ping_status":"closed","template":"","meta":{"footnotes":""},"class_list":["post-6108","page","type-page","status-publish","hentry"],"_links":{"self":[{"href":"https:\/\/orsuszastita.hr\/index.php?rest_route=\/wp\/v2\/pages\/6108","targetHints":{"allow":["GET"]}}],"collection":[{"href":"https:\/\/orsuszastita.hr\/index.php?rest_route=\/wp\/v2\/pages"}],"about":[{"href":"https:\/\/orsuszastita.hr\/index.php?rest_route=\/wp\/v2\/types\/page"}],"author":[{"embeddable":true,"href":"https:\/\/orsuszastita.hr\/index.php?rest_route=\/wp\/v2\/users\/1"}],"replies":[{"embeddable":true,"href":"https:\/\/orsuszastita.hr\/index.php?rest_route=%2Fwp%2Fv2%2Fcomments&post=6108"}],"version-history":[{"count":4,"href":"https:\/\/orsuszastita.hr\/index.php?rest_route=\/wp\/v2\/pages\/6108\/revisions"}],"predecessor-version":[{"id":6112,"href":"https:\/\/orsuszastita.hr\/index.php?rest_route=\/wp\/v2\/pages\/6108\/revisions\/6112"}],"wp:attachment":[{"href":"https:\/\/orsuszastita.hr\/index.php?rest_route=%2Fwp%2Fv2%2Fmedia&parent=6108"}],"curies":[{"name":"wp","href":"https:\/\/api.w.org\/{rel}","templated":true}]}}