{"id":14,"date":"2024-05-14T11:54:20","date_gmt":"2024-05-14T11:54:20","guid":{"rendered":"https:\/\/orsuszastita.hr\/?page_id=14"},"modified":"2024-05-14T11:58:02","modified_gmt":"2024-05-14T11:58:02","slug":"refund_returns-2","status":"publish","type":"page","link":"https:\/\/orsuszastita.hr\/?page_id=14","title":{"rendered":"Reklamacije"},"content":{"rendered":"\t\t<div data-elementor-type=\"wp-page\" data-elementor-id=\"14\" class=\"elementor elementor-14\">\n\t\t\t\t<div class=\"elementor-element elementor-element-92143a9 e-flex e-con-boxed e-con e-parent\" data-id=\"92143a9\" data-element_type=\"container\">\n\t\t\t\t\t<div class=\"e-con-inner\">\n\t\t\t\t<div class=\"elementor-element elementor-element-75f51fa elementor-widget elementor-widget-spacer\" data-id=\"75f51fa\" data-element_type=\"widget\" data-widget_type=\"spacer.default\">\n\t\t\t\t<div class=\"elementor-widget-container\">\n\t\t\t<style>\/*! elementor - v3.21.0 - 26-05-2024 *\/\n.elementor-column .elementor-spacer-inner{height:var(--spacer-size)}.e-con{--container-widget-width:100%}.e-con-inner>.elementor-widget-spacer,.e-con>.elementor-widget-spacer{width:var(--container-widget-width,var(--spacer-size));--align-self:var(--container-widget-align-self,initial);--flex-shrink:0}.e-con-inner>.elementor-widget-spacer>.elementor-widget-container,.e-con>.elementor-widget-spacer>.elementor-widget-container{height:100%;width:100%}.e-con-inner>.elementor-widget-spacer>.elementor-widget-container>.elementor-spacer,.e-con>.elementor-widget-spacer>.elementor-widget-container>.elementor-spacer{height:100%}.e-con-inner>.elementor-widget-spacer>.elementor-widget-container>.elementor-spacer>.elementor-spacer-inner,.e-con>.elementor-widget-spacer>.elementor-widget-container>.elementor-spacer>.elementor-spacer-inner{height:var(--container-widget-height,var(--spacer-size))}.e-con-inner>.elementor-widget-spacer.elementor-widget-empty,.e-con>.elementor-widget-spacer.elementor-widget-empty{position:relative;min-height:22px;min-width:22px}.e-con-inner>.elementor-widget-spacer.elementor-widget-empty .elementor-widget-empty-icon,.e-con>.elementor-widget-spacer.elementor-widget-empty .elementor-widget-empty-icon{position:absolute;top:0;bottom:0;left:0;right:0;margin:auto;padding:0;width:22px;height:22px}<\/style>\t\t<div class=\"elementor-spacer\">\n\t\t\t<div class=\"elementor-spacer-inner\"><\/div>\n\t\t<\/div>\n\t\t\t\t<\/div>\n\t\t\t\t<\/div>\n\t\t\t\t\t<\/div>\n\t\t\t\t<\/div>\n\t\t<div class=\"elementor-element elementor-element-6cc1994a e-flex e-con-boxed e-con e-parent\" data-id=\"6cc1994a\" data-element_type=\"container\">\n\t\t\t\t\t<div class=\"e-con-inner\">\n\t\t\t\t<div class=\"elementor-element elementor-element-38ea17a4 elementor-widget elementor-widget-text-editor\" data-id=\"38ea17a4\" data-element_type=\"widget\" data-widget_type=\"text-editor.default\">\n\t\t\t\t<div class=\"elementor-widget-container\">\n\t\t\t<style>\/*! elementor - v3.21.0 - 26-05-2024 *\/\n.elementor-widget-text-editor.elementor-drop-cap-view-stacked .elementor-drop-cap{background-color:#69727d;color:#fff}.elementor-widget-text-editor.elementor-drop-cap-view-framed .elementor-drop-cap{color:#69727d;border:3px solid;background-color:transparent}.elementor-widget-text-editor:not(.elementor-drop-cap-view-default) .elementor-drop-cap{margin-top:8px}.elementor-widget-text-editor:not(.elementor-drop-cap-view-default) .elementor-drop-cap-letter{width:1em;height:1em}.elementor-widget-text-editor .elementor-drop-cap{float:left;text-align:center;line-height:1;font-size:50px}.elementor-widget-text-editor .elementor-drop-cap-letter{display:inline-block}<\/style>\t\t\t\t<!-- wp:heading -->\n<p>Nezadovoljni ste proizvodom kojeg ste kupili? Proizvod ne radi kako ste o\u010dekivali? \u017delite vratiti ispravan proizvod??<br \/>Obratite nam se s povjerenjem i Va\u0161u \u0107emo reklamaciju rije\u0161iti u najkra\u0107em mogu\u0107em roku.<\/p>\n<p>Ukoliko ustanovite da je proizvod kojeg ste dobili neispravan ili njime niste zadovoljni, molimo vas da nas kontaktirate:<br \/><a href=\"tel:+385991646999\">Tel: <\/a><a href=\"tel:0385991646999\">099 &#8211; 1646 999<\/a><a href=\"tel:097 711 07 70\">\u00a0|<\/a> <a href=\"mailto:sandro@orsuszastita.hr\">sandro@orsuszastita.hr<\/a><\/p>\n<p>Radno vrijeme poslovnice:<\/p>\n<p>Ponedjeljak \u2013 petak: 08 \u2013 16h<\/p>\n<p>Nakon prijave reklamacije, temeljem va\u0161eg opisa reklamacije, informirat \u0107emo vas o statusu:<br \/>\u00b7 mo\u017ee li se proizvod zamjeniti za novi<br \/>\u00b7 mo\u017ee li se za proizvod vratiti novac<br \/>\u00b7 ili da je proizvod potrebno poslati u ovla\u0161teni servis<\/p>\n<p>Sve uvjete povrata i poslovanja pogledajte klikom na:\u00a0<a href=\"https:\/\/rich-nails.rs\/?page_id=1943\">OP\u0106I UVJETI POSLOVANJA.<\/a><\/p>\n<p><a href=\"https:\/\/webgate.ec.europa.eu\/odr\/main\/index.cfm?event=main.home.chooseLanguage\" target=\"_blank\" rel=\"noreferrer noopener\">Europska platforma za internetsko rje\u0161avanje sporova<\/a><\/p>\n<!-- \/wp:paragraph -->\t\t\t\t\t\t<\/div>\n\t\t\t\t<\/div>\n\t\t\t\t\t<\/div>\n\t\t\t\t<\/div>\n\t\t\t\t<\/div>\n\t\t","protected":false},"excerpt":{"rendered":"<p>Nezadovoljni ste proizvodom kojeg ste kupili? Proizvod ne radi kako ste o\u010dekivali? \u017delite vratiti ispravan proizvod??Obratite nam se s povjerenjem i Va\u0161u \u0107emo reklamaciju rije\u0161iti u najkra\u0107em mogu\u0107em roku. Ukoliko ustanovite da je proizvod kojeg ste dobili neispravan ili njime niste zadovoljni, molimo vas da nas kontaktirate:Tel: 099 &#8211; 1646 999\u00a0| sandro@orsuszastita.hr Radno vrijeme poslovnice: [&hellip;]<\/p>\n","protected":false},"author":1,"featured_media":0,"parent":0,"menu_order":0,"comment_status":"closed","ping_status":"closed","template":"","meta":{"footnotes":""},"class_list":["post-14","page","type-page","status-publish","hentry"],"_links":{"self":[{"href":"https:\/\/orsuszastita.hr\/index.php?rest_route=\/wp\/v2\/pages\/14","targetHints":{"allow":["GET"]}}],"collection":[{"href":"https:\/\/orsuszastita.hr\/index.php?rest_route=\/wp\/v2\/pages"}],"about":[{"href":"https:\/\/orsuszastita.hr\/index.php?rest_route=\/wp\/v2\/types\/page"}],"author":[{"embeddable":true,"href":"https:\/\/orsuszastita.hr\/index.php?rest_route=\/wp\/v2\/users\/1"}],"replies":[{"embeddable":true,"href":"https:\/\/orsuszastita.hr\/index.php?rest_route=%2Fwp%2Fv2%2Fcomments&post=14"}],"version-history":[{"count":4,"href":"https:\/\/orsuszastita.hr\/index.php?rest_route=\/wp\/v2\/pages\/14\/revisions"}],"predecessor-version":[{"id":6107,"href":"https:\/\/orsuszastita.hr\/index.php?rest_route=\/wp\/v2\/pages\/14\/revisions\/6107"}],"wp:attachment":[{"href":"https:\/\/orsuszastita.hr\/index.php?rest_route=%2Fwp%2Fv2%2Fmedia&parent=14"}],"curies":[{"name":"wp","href":"https:\/\/api.w.org\/{rel}","templated":true}]}}